{"id":985,"date":"2024-06-10T14:16:31","date_gmt":"2024-06-10T12:16:31","guid":{"rendered":"https:\/\/hammam-marrakech.com\/acerca-de\/"},"modified":"2026-04-07T16:27:31","modified_gmt":"2026-04-07T14:27:31","slug":"acerca-de","status":"publish","type":"page","link":"https:\/\/hammam-marrakech.com\/es\/acerca-de\/","title":{"rendered":"Acerca de"},"content":{"rendered":"<style>.elementor-985 .elementor-element.elementor-element-66847ca:not(.elementor-motion-effects-element-type-background), .elementor-985 .elementor-element.elementor-element-66847ca > .elementor-motion-effects-container > .elementor-motion-effects-layer{background-color:#FCF5F4;}.elementor-985 .elementor-element.elementor-element-66847ca{transition:background 0.3s, border 0.3s, border-radius 0.3s, box-shadow 0.3s;margin-top:0em;margin-bottom:0em;padding:6em 1em 6em 1em;}.elementor-985 .elementor-element.elementor-element-66847ca > .elementor-background-overlay{transition:background 0.3s, border-radius 0.3s, opacity 0.3s;}.elementor-bc-flex-widget .elementor-985 .elementor-element.elementor-element-6cd7dd95.elementor-column .elementor-widget-wrap{align-items:center;}.elementor-985 .elementor-element.elementor-element-6cd7dd95.elementor-column.elementor-element[data-element_type=\"column\"] > .elementor-widget-wrap.elementor-element-populated{align-content:center;align-items:center;}.elementor-985 .elementor-element.elementor-element-6cd7dd95 > .elementor-element-populated{margin:0em 1em 0em 0em;--e-column-margin-right:1em;--e-column-margin-left:0em;padding:0em 0em 0em 0em;}.elementor-985 .elementor-element.elementor-element-53301fd1{text-align:start;}.elementor-985 .elementor-element.elementor-element-53301fd1 .elementor-heading-title{font-family:var( --e-global-typography-secondary-font-family ), Sans-serif;font-weight:var( --e-global-typography-secondary-font-weight );color:var( --e-global-color-primary );}.elementor-985 .elementor-element.elementor-element-5c4775cc{text-align:start;}.elementor-985 .elementor-element.elementor-element-5c4775cc .elementor-heading-title{font-family:var( --e-global-typography-primary-font-family ), Sans-serif;font-weight:var( --e-global-typography-primary-font-weight );color:var( --e-global-color-secondary );}.elementor-985 .elementor-element.elementor-element-69604387{text-align:start;color:var( --e-global-color-text );}.elementor-bc-flex-widget .elementor-985 .elementor-element.elementor-element-5301c83e.elementor-column .elementor-widget-wrap{align-items:flex-end;}.elementor-985 .elementor-element.elementor-element-5301c83e.elementor-column.elementor-element[data-element_type=\"column\"] > .elementor-widget-wrap.elementor-element-populated{align-content:flex-end;align-items:flex-end;}.elementor-985 .elementor-element.elementor-element-5301c83e:not(.elementor-motion-effects-element-type-background) > .elementor-widget-wrap, .elementor-985 .elementor-element.elementor-element-5301c83e > .elementor-widget-wrap > .elementor-motion-effects-container > .elementor-motion-effects-layer{background-image:url(\"https:\/\/hammam-marrakech.com\/wp-content\/uploads\/2024\/06\/hammam-marrakech.jpg\");}.elementor-985 .elementor-element.elementor-element-5301c83e > .elementor-element-populated{transition:background 0.3s, border 0.3s, border-radius 0.3s, box-shadow 0.3s;margin:0em 0em 0em 1em;--e-column-margin-right:0em;--e-column-margin-left:1em;padding:0em 0em 0em 0em;}.elementor-985 .elementor-element.elementor-element-5301c83e > .elementor-element-populated > .elementor-background-overlay{transition:background 0.3s, border-radius 0.3s, opacity 0.3s;}.elementor-985 .elementor-element.elementor-element-4bef17:not(.elementor-motion-effects-element-type-background), .elementor-985 .elementor-element.elementor-element-4bef17 > .elementor-motion-effects-container > .elementor-motion-effects-layer{background-image:url(\"https:\/\/hammam-marrakech.com\/wp-content\/uploads\/2024\/06\/Hammam-Traditionnel-a-Marrakech.jpg\");background-position:center center;background-repeat:no-repeat;background-size:cover;}.elementor-985 .elementor-element.elementor-element-4bef17 > .elementor-background-overlay{background-color:var( --e-global-color-accent );opacity:0.1;transition:background 0.3s, border-radius 0.3s, opacity 0.3s;}.elementor-985 .elementor-element.elementor-element-4bef17{transition:background 0.3s, border 0.3s, border-radius 0.3s, box-shadow 0.3s;padding:80px 0px 80px 0px;}.elementor-985 .elementor-element.elementor-element-5c74250a.elementor-column > .elementor-widget-wrap{justify-content:center;}.elementor-985 .elementor-element.elementor-element-32f66ffc .jeg-elementor-kit.jkit-heading{text-align:center;}.elementor-985 .elementor-element.elementor-element-32f66ffc .jeg-elementor-kit.jkit-heading .heading-title{-webkit-box-decoration-break:clone;box-decoration-break:clone;display:inline;font-family:\"Khula\", Sans-serif;font-size:50px;font-weight:700;line-height:1.2em;color:var( --e-global-color-cea86c5 );}.elementor-985 .elementor-element.elementor-element-32f66ffc .jeg-elementor-kit.jkit-heading .heading-section-title{margin:0px 0px 0px 0px;}.elementor-985 .elementor-element.elementor-element-32f66ffc .jeg-elementor-kit.jkit-heading .heading-title > span{color:var( --e-global-color-primary );font-family:var( --e-global-typography-secondary-font-family ), Sans-serif;font-weight:var( --e-global-typography-secondary-font-weight );padding:0px 0px 0px 0px;}.elementor-985 .elementor-element.elementor-element-32f66ffc > .elementor-widget-container{margin:0px 0px -10px 0px;padding:0% 0% 0% 0%;}.elementor-985 .elementor-element.elementor-element-6ad2e2f4 .elementor-button{fill:var( --e-global-color-cea86c5 );color:var( --e-global-color-cea86c5 );background-color:var( --e-global-color-d588b99 );padding:20px 28px 20px 28px;}.elementor-985 .elementor-element.elementor-element-6cf12c4 .elementor-button{fill:var( --e-global-color-cea86c5 );color:var( --e-global-color-cea86c5 );background-color:var( --e-global-color-primary );padding:20px 28px 20px 28px;}@media(max-width:1024px){.elementor-985 .elementor-element.elementor-element-5c4775cc > .elementor-widget-container{margin:0em 0em 0em 0em;}.elementor-985 .elementor-element.elementor-element-4bef17{padding:80px 10px 80px 10px;}.elementor-985 .elementor-element.elementor-element-32f66ffc .jeg-elementor-kit.jkit-heading .heading-title{font-size:45px;}.elementor-985 .elementor-element.elementor-element-32f66ffc > .elementor-widget-container{padding:0px 0px 0px 0px;}}@media(max-width:767px){.elementor-985 .elementor-element.elementor-element-6cd7dd95 > .elementor-element-populated{margin:0em 0em 1em 0em;--e-column-margin-right:0em;--e-column-margin-left:0em;}.elementor-985 .elementor-element.elementor-element-53301fd1{text-align:start;}.elementor-985 .elementor-element.elementor-element-5c4775cc{text-align:start;}.elementor-985 .elementor-element.elementor-element-5c4775cc > .elementor-widget-container{margin:0em 0em 0em 0em;}.elementor-985 .elementor-element.elementor-element-69604387{text-align:start;}.elementor-985 .elementor-element.elementor-element-5301c83e > .elementor-element-populated{margin:1em 0em 0em 0em;--e-column-margin-right:0em;--e-column-margin-left:0em;}.elementor-985 .elementor-element.elementor-element-4bef17{padding:50px 5px 50px 5px;}.elementor-985 .elementor-element.elementor-element-32f66ffc .jeg-elementor-kit.jkit-heading .heading-title{font-size:30px;}.elementor-985 .elementor-element.elementor-element-6ad2e2f4 .elementor-button{font-size:18px;}.elementor-985 .elementor-element.elementor-element-6cf12c4 .elementor-button{font-size:18px;}}<\/style>\t\t<div data-elementor-type=\"wp-page\" data-elementor-id=\"985\" class=\"elementor elementor-985 elementor-30\">\n\t\t\t\t\t\t<section class=\"elementor-section elementor-top-section elementor-element elementor-element-66847ca elementor-section-boxed elementor-section-height-default elementor-section-height-default\" data-id=\"66847ca\" data-element_type=\"section\" data-e-type=\"section\" data-settings=\"{&quot;background_background&quot;:&quot;classic&quot;}\">\n\t\t\t\t\t\t<div class=\"elementor-container elementor-column-gap-default\">\n\t\t\t\t\t<div class=\"elementor-column elementor-col-50 elementor-top-column elementor-element elementor-element-6cd7dd95\" data-id=\"6cd7dd95\" data-element_type=\"column\" data-e-type=\"column\">\n\t\t\t<div class=\"elementor-widget-wrap elementor-element-populated\">\n\t\t\t\t\t\t<div class=\"elementor-element elementor-element-53301fd1 elementor-widget elementor-widget-heading\" data-id=\"53301fd1\" data-element_type=\"widget\" data-e-type=\"widget\" data-settings=\"{&quot;_animation&quot;:&quot;none&quot;}\" data-widget_type=\"heading.default\">\n\t\t\t\t<div class=\"elementor-widget-container\">\n\t\t\t\t\t<h5 class=\"elementor-heading-title elementor-size-default\">Acerca de nosotros<\/h5>\t\t\t\t<\/div>\n\t\t\t\t<\/div>\n\t\t\t\t<div class=\"elementor-element elementor-element-5c4775cc elementor-widget elementor-widget-heading\" data-id=\"5c4775cc\" data-element_type=\"widget\" data-e-type=\"widget\" data-settings=\"{&quot;_animation&quot;:&quot;none&quot;,&quot;_animation_delay&quot;:100}\" data-widget_type=\"heading.default\">\n\t\t\t\t<div class=\"elementor-widget-container\">\n\t\t\t\t\t<h2 class=\"elementor-heading-title elementor-size-default\">Hammam Essentiel<\/h2>\t\t\t\t<\/div>\n\t\t\t\t<\/div>\n\t\t\t\t<div class=\"elementor-element elementor-element-69604387 elementor-widget elementor-widget-text-editor\" data-id=\"69604387\" data-element_type=\"widget\" data-e-type=\"widget\" data-settings=\"{&quot;_animation&quot;:&quot;none&quot;,&quot;_animation_delay&quot;:200}\" data-widget_type=\"text-editor.default\">\n\t\t\t\t<div class=\"elementor-widget-container\">\n\t\t\t\t\t\t\t\t\t<p><a href=\"https:\/\/hammam-marrakech.com\/es\/\"><strong>Hammam Essentiel<\/strong><\/a> naci\u00f3 de una profunda pasi\u00f3n por las ricas tradiciones del bienestar marroqu\u00ed y del deseo de compartir el poder transformador de la experiencia del hammam. <a href=\"https:\/\/hammam-marrakech.com\/es\/\"><strong>Ubicado en el coraz\u00f3n de Gueliz<\/strong><\/a>, en Marrakech, nuestro <a href=\"https:\/\/hammam-marrakech.com\/es\/\"><strong>spa<\/strong><\/a> es un refugio de tranquilidad, donde los rituales ancestrales se encuentran con el lujo moderno. Nos esforzamos por ofrecer una experiencia aut\u00e9ntica y rejuvenecedora tanto a los residentes locales como a los visitantes. <\/p><p>Nuestro equipo de terapeutas cualificados es experto en el arte del hammam, bas\u00e1ndose en generaciones de conocimiento y experiencia. Creemos en el poder del tacto, los ingredientes naturales y las propiedades curativas del vapor y el agua para restablecer el equilibrio y la armon\u00eda del cuerpo y la mente. <\/p><p>En Hammam Essentiel, nos esforzamos por crear un espacio acogedor e inclusivo donde cada persona se sienta c\u00f3moda y atendida. Ya busque un ritual de hammam tradicional, un masaje relajante o simplemente un momento de paz y tranquilidad, le invitamos a descubrir la esencia del bienestar en nuestro <strong>spa<\/strong>. <\/p>\t\t\t\t\t\t\t\t<\/div>\n\t\t\t\t<\/div>\n\t\t\t\t\t<\/div>\n\t\t<\/div>\n\t\t\t\t<div class=\"elementor-column elementor-col-50 elementor-top-column elementor-element elementor-element-5301c83e elementor-hidden-mobile\" data-id=\"5301c83e\" data-element_type=\"column\" data-e-type=\"column\" data-settings=\"{&quot;background_background&quot;:&quot;classic&quot;}\">\n\t\t\t<div class=\"elementor-widget-wrap\">\n\t\t\t\t\t\t\t<\/div>\n\t\t<\/div>\n\t\t\t\t\t<\/div>\n\t\t<\/section>\n\t\t\t\t<section class=\"elementor-section elementor-top-section elementor-element elementor-element-4bef17 elementor-section-boxed elementor-section-height-default elementor-section-height-default\" data-id=\"4bef17\" data-element_type=\"section\" data-e-type=\"section\" data-settings=\"{&quot;background_background&quot;:&quot;classic&quot;}\">\n\t\t\t\t\t\t\t<div class=\"elementor-background-overlay\"><\/div>\n\t\t\t\t\t\t\t<div class=\"elementor-container elementor-column-gap-default\">\n\t\t\t\t\t<div class=\"elementor-column elementor-col-100 elementor-top-column elementor-element elementor-element-5c74250a\" data-id=\"5c74250a\" data-element_type=\"column\" data-e-type=\"column\">\n\t\t\t<div class=\"elementor-widget-wrap elementor-element-populated\">\n\t\t\t\t\t\t<div class=\"elementor-element elementor-element-32f66ffc elementor-widget elementor-widget-jkit_heading\" data-id=\"32f66ffc\" data-element_type=\"widget\" data-e-type=\"widget\" data-widget_type=\"jkit_heading.default\">\n\t\t\t\t<div class=\"elementor-widget-container\">\n\t\t\t\t\t<div  class=\"jeg-elementor-kit jkit-heading  align-center align-tablet- align-mobile- jeg_module___69e007586d95c\" ><div class=\"heading-section-title  display-inline-block\"><h2 class=\"heading-title\">Reserve su sesi\u00f3n ahora<\/h2><\/div><\/div>\t\t\t\t<\/div>\n\t\t\t\t<\/div>\n\t\t\t\t<section class=\"elementor-section elementor-inner-section elementor-element elementor-element-fce0d3d elementor-section-boxed elementor-section-height-default elementor-section-height-default\" data-id=\"fce0d3d\" data-element_type=\"section\" data-e-type=\"section\">\n\t\t\t\t\t\t<div class=\"elementor-container elementor-column-gap-default\">\n\t\t\t\t\t<div class=\"elementor-column elementor-col-50 elementor-inner-column elementor-element elementor-element-21719d09\" data-id=\"21719d09\" data-element_type=\"column\" data-e-type=\"column\">\n\t\t\t<div class=\"elementor-widget-wrap elementor-element-populated\">\n\t\t\t\t\t\t<div class=\"elementor-element elementor-element-6ad2e2f4 elementor-align-right elementor-mobile-align-center elementor-widget elementor-widget-button\" data-id=\"6ad2e2f4\" data-element_type=\"widget\" data-e-type=\"widget\" data-widget_type=\"button.default\">\n\t\t\t\t<div class=\"elementor-widget-container\">\n\t\t\t\t\t\t\t\t\t<div class=\"elementor-button-wrapper\">\n\t\t\t\t\t<a class=\"elementor-button elementor-button-link elementor-size-md\" href=\"https:\/\/api.whatsapp.com\/send\/?phone=212650927021&#038;text&#038;type=phone_number&#038;app_absent=0\" target=\"_blank\" rel=\"noopener\">\n\t\t\t\t\t\t<span class=\"elementor-button-content-wrapper\">\n\t\t\t\t\t\t\t\t\t<span class=\"elementor-button-text\">WhatsApp<\/span>\n\t\t\t\t\t<\/span>\n\t\t\t\t\t<\/a>\n\t\t\t\t<\/div>\n\t\t\t\t\t\t\t\t<\/div>\n\t\t\t\t<\/div>\n\t\t\t\t\t<\/div>\n\t\t<\/div>\n\t\t\t\t<div class=\"elementor-column elementor-col-50 elementor-inner-column elementor-element elementor-element-77df468d\" data-id=\"77df468d\" data-element_type=\"column\" data-e-type=\"column\">\n\t\t\t<div class=\"elementor-widget-wrap elementor-element-populated\">\n\t\t\t\t\t\t<div class=\"elementor-element elementor-element-6cf12c4 elementor-align-left elementor-mobile-align-center elementor-widget elementor-widget-button\" data-id=\"6cf12c4\" data-element_type=\"widget\" data-e-type=\"widget\" data-widget_type=\"button.default\">\n\t\t\t\t<div class=\"elementor-widget-container\">\n\t\t\t\t\t\t\t\t\t<div class=\"elementor-button-wrapper\">\n\t\t\t\t\t<a class=\"elementor-button elementor-button-link elementor-size-md\" href=\"https:\/\/hammam-marrakech.com\/#TopForm\">\n\t\t\t\t\t\t<span class=\"elementor-button-content-wrapper\">\n\t\t\t\t\t\t\t\t\t<span class=\"elementor-button-text\">Reservar<\/span>\n\t\t\t\t\t<\/span>\n\t\t\t\t\t<\/a>\n\t\t\t\t<\/div>\n\t\t\t\t\t\t\t\t<\/div>\n\t\t\t\t<\/div>\n\t\t\t\t\t<\/div>\n\t\t<\/div>\n\t\t\t\t\t<\/div>\n\t\t<\/section>\n\t\t\t\t\t<\/div>\n\t\t<\/div>\n\t\t\t\t\t<\/div>\n\t\t<\/section>\n\t\t\t\t<\/div>\n\t\t","protected":false},"excerpt":{"rendered":"<p>Acerca de nosotros Hammam Essentiel Hammam Essentiel naci\u00f3 de una profunda pasi\u00f3n por las ricas tradiciones del bienestar marroqu\u00ed y del deseo de compartir el poder transformador de la experiencia del hammam. Ubicado en el coraz\u00f3n de Gueliz, en Marrakech, nuestro spa es un refugio de tranquilidad, donde los rituales ancestrales se encuentran con el [&hellip;]<\/p>\n","protected":false},"author":5,"featured_media":0,"parent":0,"menu_order":0,"comment_status":"closed","ping_status":"closed","template":"elementor_header_footer","meta":{"_joinchat":[],"footnotes":""},"class_list":["post-985","page","type-page","status-publish","hentry"],"_links":{"self":[{"href":"https:\/\/hammam-marrakech.com\/es\/wp-json\/wp\/v2\/pages\/985","targetHints":{"allow":["GET"]}}],"collection":[{"href":"https:\/\/hammam-marrakech.com\/es\/wp-json\/wp\/v2\/pages"}],"about":[{"href":"https:\/\/hammam-marrakech.com\/es\/wp-json\/wp\/v2\/types\/page"}],"author":[{"embeddable":true,"href":"https:\/\/hammam-marrakech.com\/es\/wp-json\/wp\/v2\/users\/5"}],"replies":[{"embeddable":true,"href":"https:\/\/hammam-marrakech.com\/es\/wp-json\/wp\/v2\/comments?post=985"}],"version-history":[{"count":1,"href":"https:\/\/hammam-marrakech.com\/es\/wp-json\/wp\/v2\/pages\/985\/revisions"}],"predecessor-version":[{"id":986,"href":"https:\/\/hammam-marrakech.com\/es\/wp-json\/wp\/v2\/pages\/985\/revisions\/986"}],"wp:attachment":[{"href":"https:\/\/hammam-marrakech.com\/es\/wp-json\/wp\/v2\/media?parent=985"}],"curies":[{"name":"wp","href":"https:\/\/api.w.org\/{rel}","templated":true}]}}